{"id":9,"date":"2013-05-27T12:24:44","date_gmt":"2013-05-27T11:24:44","guid":{"rendered":"http:\/\/localhost:8888\/wordpress\/?page_id=7"},"modified":"2026-03-31T15:24:11","modified_gmt":"2026-03-31T14:24:11","slug":"horaires","status":"publish","type":"page","link":"https:\/\/tadasana-yoga.com\/?page_id=9","title":{"rendered":"Horaires-Pratiques-Abonnements"},"content":{"rendered":"<p>[et_pb_section fb_built=\u00a0\u00bb1&Prime; admin_label=\u00a0\u00bbsection\u00a0\u00bb _builder_version=\u00a0\u00bb3.29.3&Prime; custom_padding=\u00a0\u00bb11px|0px|0|0px|false|false\u00a0\u00bb collapsed=\u00a0\u00bboff\u00a0\u00bb global_colors_info=\u00a0\u00bb{}\u00a0\u00bb][et_pb_row _builder_version=\u00a0\u00bb3.29.3&Prime; module_alignment=\u00a0\u00bbcenter\u00a0\u00bb min_height=\u00a0\u00bb1671px\u00a0\u00bb custom_margin=\u00a0\u00bb|953px||123px||\u00a0\u00bb custom_padding=\u00a0\u00bb46px||46px||true|\u00a0\u00bb global_colors_info=\u00a0\u00bb{}\u00a0\u00bb][et_pb_column type=\u00a0\u00bb4_4&Prime; _builder_version=\u00a0\u00bb4.9.0&Prime; _module_preset=\u00a0\u00bbdefault\u00a0\u00bb global_colors_info=\u00a0\u00bb{}\u00a0\u00bb][et_pb_text _builder_version=\u00a0\u00bb4.10.7&Prime; custom_padding=\u00a0\u00bb1px|||||\u00a0\u00bb hover_enabled=\u00a0\u00bb0&Prime; inline_fonts=\u00a0\u00bbAbhaya Libre,Acme,ABeeZee,Abel,Actor,Asul,Aclonica,Abril Fatface\u00a0\u00bb global_colors_info=\u00a0\u00bb{}\u00a0\u00bb sticky_enabled=\u00a0\u00bb0&Prime;]<\/p>\n<h2 class=\"default-heading2\" style=\"text-align: center;\"><span style=\"color: #993366;\">Planning avril<\/span><span style=\"color: #993366;\"><\/span><\/h2>\n<h2 class=\"default-heading2\" style=\"text-align: center;\"><span style=\"color: #993366;\">Pas de cours du 22 au 30 inclus durant le stage en Corse<\/span><\/h2>\n<h2 class=\"default-heading2\" style=\"text-align: center;\"><span style=\"color: #993366;\">Reprise vendredi 1er mai &amp; tous les ponts\u00a0<\/span><span style=\"color: #993366;\"><\/span><\/h2>\n<h2 class=\"default-style\" style=\"text-align: center;\"><strong><span style=\"color: #ff6600; font-size: large;\"><span style=\"text-decoration: underline;\">Horaires 2026 :<\/span><\/span><\/strong><\/h2>\n<div class=\"default-style\" style=\"text-align: center;\"><span style=\"color: #ff6600; font-size: large;\"><span style=\"text-decoration: underline;\">Lundi<\/span>\u00a018h30 Pratique lente &amp; restauratrice \u00a0<\/span><\/div>\n<div class=\"default-style\" style=\"text-align: center;\"><span style=\"color: #ff6600; font-size: large;\"><span style=\"text-decoration: underline;\">Mardi<\/span>\u00a0 9h \u00a0Vinyasa fluide &amp; dynamique \u00a0<\/span><\/div>\n<div class=\"default-style\" style=\"text-align: center;\"><span style=\"color: #ff6600; font-size: large;\">\u00a0 \u00a0 \u00a0 \u00a0 \u00a0 \u00a0 \u00a0 \u00a0 \u00a0 18h30 Yin yoga profonde &amp; statique<\/span><\/div>\n<div class=\"default-style\" style=\"text-align: center;\"><span style=\"color: #ff6600;\"><span style=\"text-decoration: underline;\"><span style=\"font-size: large;\">Vendredi<\/span><\/span><span style=\"font-size: large;\">\u00a09h\u00a0 Vinyasa <span style=\"color: #ff6600; font-size: large;\">fluide &amp; dynamique<\/span><\/span><\/span><span style=\"color: #ff6600; font-size: large;\"><strong><em>\u00a0<\/em><\/strong><\/span><\/div>\n<div class=\"default-style\" style=\"text-align: center;\"><span style=\"color: #ff6600;\"><span style=\"font-size: large;\">\u00a0 \u00a0 \u00a0 \u00a0 \u00a0 \u00a0 \u00a018h<\/span><span style=\"font-size: medium;\">\u00a0Yin yoga\u00a0<span style=\"color: #ff6600; font-size: large;\">profonde &amp; statique\u00a0<\/span><\/span><\/span><\/div>\n<div class=\"default-style\" style=\"text-align: center;\"><span style=\"color: #ff6600; font-size: large;\"><span style=\"text-decoration: underline;\">Dimanche<\/span> 18h<\/span><span style=\"color: #ff6600; font-size: large;\"><span style=\"color: #ff6600; font-size: large;\">\u00a0Pratique lente &amp; restauratrice<\/span><\/span><\/div>\n<div class=\"default-style\" style=\"text-align: center;\">\n<div class=\"default-style\" style=\"text-align: center;\"><span style=\"color: #ff6600; font-size: large;\"><strong style=\"caret-color: #e09900; color: #ff6600; font-size: medium; background-color: #ffffff;\"><span style=\"font-size: medium;\">***\u00a0<\/span><\/strong><\/span><\/div>\n<div class=\"default-style\" style=\"text-align: center;\"><span style=\"color: #ff0000; font-size: large;\"><strong style=\"caret-color: #e09900; font-size: medium; background-color: #ffffff;\"><span style=\"font-size: medium;\">R\u00e9servation n\u00e9cessaire par sms 06 22 38 77 98<\/span><\/strong><\/span><\/div>\n<div class=\"default-style\" style=\"text-align: center;\"><span style=\"color: #ff0000;\">\u00a0<strong>En cas d\u2019annulation d\u2019un rdv moins de 24h \u00e0 l\u2019avance, la s\u00e9ance est due int\u00e9gralement<\/strong><\/span><\/div>\n<div class=\"default-style\" style=\"text-align: center;\"><span style=\"color: #ff6600; font-size: large;\"><strong style=\"caret-color: #e09900; color: #ff6600; font-size: medium; background-color: #ffffff;\"><span style=\"font-size: medium;\"><\/span><\/strong><\/span><\/div>\n<div class=\"default-style\" style=\"text-align: center;\"><strong><span style=\"text-decoration: underline; color: #993366;\"><\/span><\/strong><\/div>\n<div class=\"default-style\" style=\"text-align: center;\"><strong><span style=\"text-decoration: underline; color: #993366;\">Tarifs Yoga <\/span><span style=\"text-decoration: underline; color: #993366;\">2026<\/span><\/strong><\/div>\n<\/div>\n<p style=\"text-align: center;\"><span style=\"color: #993366;\"><span style=\"font-size: medium; text-align: left;\"><span style=\"caret-color: #e09900; font-size: medium; background-color: #ffffff;\"><span style=\"font-size: medium;\">Les <\/span><span style=\"font-size: medium;\"><span style=\"font-size: large;\">a<\/span><\/span><\/span><span style=\"caret-color: #e09900; font-size: medium; background-color: #ffffff;\"><span style=\"font-size: medium;\">bonnements ci-dessous sont<\/span>\u00a0valables de septembre \u00e0 mai payables \u00e0 l&rsquo;avance &amp; non remboursables, <span style=\"font-size: medium;\">\u00a0 <\/span><\/span><\/span><\/span><\/p>\n<p style=\"text-align: center;\"><span style=\"color: #993366;\"><span style=\"caret-color: #800080; font-size: medium;\">*\u00a0<\/span><span style=\"font-size: medium;\">Carte de 10 s\u00e9ances<\/span> <strong style=\"font-size: medium;\">\u00a0<\/strong><span style=\"font-size: medium;\">(dur\u00e9e limit\u00e9e 9 mois ) : 150\u20ac <\/span><span style=\"caret-color: #993366; text-align: center; font-size: medium;\">\u00a0<\/span><span style=\"font-size: medium;\">* S\u00e9ance \u00e0 l&rsquo;unit\u00e9 17\u20ac<\/span><\/span><\/p>\n<p style=\"text-align: center;\"><span style=\"caret-color: #800080; color: #993366; font-size: medium;\">* Abonnement annuel valable du 12 septembre 2025 \u00e0 fin mai 2026: 1 X semaine 350\u20ac \/ illimit\u00e9 : 550\u20ac<\/span><\/p>\n<p style=\"text-align: center;\"><span style=\"color: #993366;\"><span style=\"font-size: medium;\">* Cours priv\u00e9 65 \u20ac <\/span><span style=\"font-size: medium;\">*\u00a0<\/span><span style=\"font-size: medium;\">3 cours priv\u00e9s 180\u20ac payable \u00e0 l&rsquo;avance non remboursable\u00a0<span><\/span><\/span><\/span><\/p>\n<p style=\"text-align: center;\"><span style=\"color: #993366;\"><span style=\"font-size: medium;\"><span> <span style=\"color: #ff0000;\"><strong>En cas d\u2019annulation d\u2019un rdv moins de 24h \u00e0 l\u2019avance, la s\u00e9ance est due int\u00e9gralement<\/strong><\/span><\/span><\/span><\/span><\/p>\n<p style=\"text-align: center;\"><span style=\"caret-color: #e09900; color: #993366; font-size: medium; background-color: #ffffff;\">* S\u00e9ance groupe privatis\u00e9e\u00a0tarif en fonction du nombre de personnes et du lieu\u00a0<\/span><\/p>\n<div style=\"text-align: center;\">\n<h3 class=\"default-heading2\" style=\"text-align: center;\"><span style=\"text-decoration: underline; color: #ff6600;\">Stages &amp; retraites 2026 <\/span><\/h3>\n<\/div>\n<div class=\"default-style\" style=\"text-align: center;\">\n<h4><span style=\"color: #ff6600;\"><strong><span style=\"caret-color: #ff6600; font-size: large; background-color: #ffffff;\">*\u00a0<\/span><span style=\"caret-color: #ff6600; font-size: large; background-color: #ffffff;\">Corse\u00a0<\/span><span style=\"caret-color: #ff6600; font-size: large; background-color: #ffffff;\">Stage 5 jours\u00a0<\/span><\/strong><\/span><span style=\"color: #ff6600;\"> : printemps 22 avril &#8211; 1er mai\u00a0<\/span><\/h4>\n<h4><span style=\"color: #ff6600;\">&amp; Automne du 14 au 23 octobre <\/span><\/h4>\n<h4><span style=\"color: #ff6600;\"><strong><span style=\"caret-color: #ff6600; font-size: large; background-color: #ffffff;\">*\u00a0<\/span><\/strong><strong style=\"caret-color: #ff9900;\">Gu\u00e9thary \u00a0<\/strong><strong>Surf camp &amp; Yoga<\/strong>\u00a0du 1er au 6 juin<\/span><\/h4>\n<h4><span style=\"color: #ff6600;\"><span style=\"caret-color: #ff6600; font-size: large; background-color: #ffffff;\">* <strong>Finist\u00e8re<\/strong>\u00a0<\/span><strong>Retraite Yoga<\/strong> <span style=\"caret-color: #ff6600; font-size: large; background-color: #ffffff;\">d<\/span>u 16 au 22 Ao\u00fbt \u00a0<\/span><\/h4>\n<h4><span style=\"color: #ff6600;\">* <strong>Maroc<\/strong> \u00a0<strong>Yoga &amp; rando<\/strong> du 1er au 10 d\u00e9cembre<\/span><\/h4>\n<p>&nbsp;<\/p>\n<h5 style=\"text-align: left;\"><span style=\"color: #ff6600;\"><strong style=\"font-size: large;\">\u00a0 \u00a0<\/strong><\/span><strong style=\"font-size: large;\">\u00a0 \u00a0 \u00a0 \u00a0 \u00a0 \u00a0 \u00a0 \u00a0 \u00a0 \u00a0 \u00a0 \u00a0 \u00a0 \u00a0 \u00a0 \u00a0 \u00a0 <\/strong><strong>\u00a0\u00a0<span style=\"color: #800080; font-size: 22px; text-decoration: underline;\">Tarifs 2025 soins corporels &amp; conseils en nutrition ayurv\u00e9diques:<\/span><span style=\"color: #800080; font-size: 22px;\">\u00a0<\/span><\/strong><\/h5>\n<p><span style=\"color: #800080; font-size: x-large;\"><span style=\"font-size: large;\">\u00a0<span style=\"text-align: center;\">\u00a0 Soin<\/span><\/span><span style=\"text-align: center; font-size: large;\"> massage ayurv\u00e9dique \u00e0 l&rsquo;huile chaude 65\u20ac \/ 3 soins 180 \u20ac<\/span><\/span><\/p>\n<\/div>\n<p style=\"text-align: center;\"><span style=\"color: #800080;\"><span style=\"font-size: large;\">\u00a0Consultation nutrition \u00a065\u20ac \/<\/span><span style=\"font-size: large;\">\u00a03 consultations avec suivi 150\u20ac payables d&rsquo;avance valables non remboursable.<\/span><\/span><\/p>\n<p style=\"text-align: center;\"><span style=\"font-size: medium; color: #ff0000;\">\u00a0<strong>En cas d&rsquo;annulation d&rsquo;un rdv moins de 24h \u00e0 l&rsquo;avance, la s\u00e9ance est due int\u00e9gralement<\/strong><\/span><\/p>\n<p style=\"text-align: center;\"><span style=\"font-size: medium; color: #800080;\"><strong style=\"text-align: center;\">\u00a0mail : flo@tadasana-yoga.fr \/ t\u00e9l\u00e9phone : 06 22 38 77 98<\/strong><\/span><\/p>\n<p>&nbsp;<\/p>\n<p>&nbsp;<\/p>\n<p>[\/et_pb_text][\/et_pb_column][\/et_pb_row][\/et_pb_section]<\/p>\n","protected":false},"excerpt":{"rendered":"<p>Planning avril Pas de cours du 22 au 30 inclus durant le stage en Corse Reprise vendredi 1er mai &amp; tous les ponts\u00a0 Horaires 2026 : Lundi\u00a018h30 Pratique lente &amp; restauratrice \u00a0 Mardi\u00a0 9h \u00a0Vinyasa fluide &amp; dynamique \u00a0 \u00a0 \u00a0 \u00a0 \u00a0 \u00a0 \u00a0 \u00a0 \u00a0 \u00a0 18h30 Yin yoga profonde &amp; statique Vendredi\u00a09h\u00a0 [&hellip;]<\/p>\n","protected":false},"author":2,"featured_media":253,"parent":0,"menu_order":0,"comment_status":"open","ping_status":"closed","template":"","meta":{"_et_pb_use_builder":"on","_et_pb_old_content":"","_et_gb_content_width":"","footnotes":""},"class_list":["post-9","page","type-page","status-publish","has-post-thumbnail","hentry"],"_links":{"self":[{"href":"https:\/\/tadasana-yoga.com\/index.php?rest_route=\/wp\/v2\/pages\/9","targetHints":{"allow":["GET"]}}],"collection":[{"href":"https:\/\/tadasana-yoga.com\/index.php?rest_route=\/wp\/v2\/pages"}],"about":[{"href":"https:\/\/tadasana-yoga.com\/index.php?rest_route=\/wp\/v2\/types\/page"}],"author":[{"embeddable":true,"href":"https:\/\/tadasana-yoga.com\/index.php?rest_route=\/wp\/v2\/users\/2"}],"replies":[{"embeddable":true,"href":"https:\/\/tadasana-yoga.com\/index.php?rest_route=%2Fwp%2Fv2%2Fcomments&post=9"}],"version-history":[{"count":418,"href":"https:\/\/tadasana-yoga.com\/index.php?rest_route=\/wp\/v2\/pages\/9\/revisions"}],"predecessor-version":[{"id":7017,"href":"https:\/\/tadasana-yoga.com\/index.php?rest_route=\/wp\/v2\/pages\/9\/revisions\/7017"}],"wp:featuredmedia":[{"embeddable":true,"href":"https:\/\/tadasana-yoga.com\/index.php?rest_route=\/wp\/v2\/media\/253"}],"wp:attachment":[{"href":"https:\/\/tadasana-yoga.com\/index.php?rest_route=%2Fwp%2Fv2%2Fmedia&parent=9"}],"curies":[{"name":"wp","href":"https:\/\/api.w.org\/{rel}","templated":true}]}}