{"id":5368,"date":"2016-06-16T14:17:23","date_gmt":"2016-06-16T13:17:23","guid":{"rendered":"http:\/\/tadasana-yoga.com\/?page_id=5368"},"modified":"2025-11-29T19:46:56","modified_gmt":"2025-11-29T18:46:56","slug":"floethique","status":"publish","type":"page","link":"https:\/\/tadasana-yoga.com\/?page_id=5368","title":{"rendered":"Flo\u00e9thique"},"content":{"rendered":"<p>[et_pb_section fb_built=\u00a0\u00bb1&Prime; admin_label=\u00a0\u00bbsection\u00a0\u00bb _builder_version=\u00a0\u00bb3.22.3&Prime; global_colors_info=\u00a0\u00bb{}\u00a0\u00bb][et_pb_row admin_label=\u00a0\u00bbrow\u00a0\u00bb _builder_version=\u00a0\u00bb3.29.3&Prime; background_size=\u00a0\u00bbinitial\u00a0\u00bb background_position=\u00a0\u00bbtop_left\u00a0\u00bb background_repeat=\u00a0\u00bbrepeat\u00a0\u00bb custom_padding=\u00a0\u00bb17px|||||\u00a0\u00bb global_colors_info=\u00a0\u00bb{}\u00a0\u00bb][et_pb_column type=\u00a0\u00bb4_4&Prime; _builder_version=\u00a0\u00bb3.25&Prime; custom_padding=\u00a0\u00bb|||\u00a0\u00bb global_colors_info=\u00a0\u00bb{}\u00a0\u00bb custom_padding__hover=\u00a0\u00bb|||\u00a0\u00bb][et_pb_text _builder_version=\u00a0\u00bb4.10.7&Prime; text_font=\u00a0\u00bbHappy Monkey||||\u00a0\u00bb background_size=\u00a0\u00bbinitial\u00a0\u00bb background_position=\u00a0\u00bbtop_left\u00a0\u00bb background_repeat=\u00a0\u00bbrepeat\u00a0\u00bb custom_padding=\u00a0\u00bb3px|||||\u00a0\u00bb global_colors_info=\u00a0\u00bb{}\u00a0\u00bb]<\/p>\n<h2 style=\"text-align: center;\"><span style=\"color: #a02e76;\"><strong>\u00a0 <span style=\"color: #33cccc;\">\u00a0 Flo\u00e9thique\u00a0<\/span><\/strong><\/span><span style=\"color: #33cccc;\"><strong><\/strong><\/span><\/h2>\n<div class=\"page\" title=\"Page 1\">\n<div class=\"section\">\n<div class=\"layoutArea\">\n<div class=\"column\">\n<p style=\"text-align: center;\"><span style=\"color: #33cccc;\">Le Yoga a de\u0301route\u0301 ma trajectoire il y a 25 ans. Depuis il m\u2019accompagne, me bouscule, me vide et me comble chaque fois que je pose un regard curieux, honne\u0302te &amp; tendre sur les fluctuations de la vie. C<span style=\"caret-color: #993366;\">omplice\u00a0ind\u00e9fectible, il<\/span>\u00a0m&rsquo;invite \u00e0\u00a0saluer le soleil au r\u00e9veil, embrasser la lune chaque soir &amp; oser r\u00e9inventer mon itin\u00e9raire dans le grand courant de la Vie. De flocons en grains de sable, le Yoga trace son sillon quotidien, une r\u00e9volution silencieuse qui \u00e9mancipe le coeur des audacieux. Merci \u00e0 celles &amp; ceux qui paratagent la belle aventure du Yoga \u00e0 mes c\u00f4t\u00e9s.\u00a0<\/span><\/p>\n<p style=\"text-align: center;\"><span style=\"color: #33cccc;\"><\/span><\/p>\n<\/div>\n<\/div>\n<\/div>\n<\/div>\n<p style=\"text-align: center;\"><span style=\"color: #a02e76;\"> <a href=\"https:\/\/tadasana-yoga.com\/wp-content\/uploads\/2021\/03\/C6C2F4A6-DB52-447F-AD4F-21B9816EBC51_1_201_a-scaled.jpg\"><img loading=\"lazy\" decoding=\"async\" src=\"https:\/\/tadasana-yoga.com\/wp-content\/uploads\/2021\/03\/C6C2F4A6-DB52-447F-AD4F-21B9816EBC51_1_201_a-scaled.jpg\" width=\"189\" height=\"252\" alt=\"\" class=\"wp-image-6512 alignnone size-full\" \/><\/a><a style=\"color: #a02e76;\" href=\"https:\/\/tadasana-yoga.com\/wp-content\/uploads\/2016\/06\/photos-i-phone-213.jpg\">\u00a0 \u00a0 \u00a0 \u00a0<\/a><a href=\"https:\/\/tadasana-yoga.com\/wp-content\/uploads\/2024\/04\/93413A33-FC0E-406D-B86A-B0785E3603A7.jpeg\"><img loading=\"lazy\" decoding=\"async\" src=\"https:\/\/tadasana-yoga.com\/wp-content\/uploads\/2024\/04\/93413A33-FC0E-406D-B86A-B0785E3603A7.jpeg\" width=\"337\" height=\"253\" alt=\"\" class=\"wp-image-6647 alignnone size-full\" \/><\/a><\/span><span style=\"color: #33cccc;\"><\/span><\/p>\n<h3 style=\"text-align: center;\"><span style=\"color: #008080;\"><strong>Entre les lignes<\/strong><\/span><\/h3>\n<p style=\"text-align: center;\"><span style=\"color: #008080;\"><span style=\"font-size: 14px; text-align: center;\">\u00a0\u00ab\u00a0<\/span>Les rivi\u00e8res s\u2019\u00e9coulent\u00a0 d\u2019ouest en est et d\u2019est en ouest. Elles se jettent dans la mer, les nuages les \u00e9l\u00e8vent jusqu\u2019au ciel, sous forme de vapeur et les renvoient sur la terre sous forme de pluie. Et de m\u00eame que ces rivi\u00e8res quand elles sont unies \u00e0 la mer ne savent pas si elles sont cette rivi\u00e8res -ci ou cette rivi\u00e8res-l\u00e0, toutes les cr\u00e9atures vivantes ont leur essence en Atman et quand elles sont revenues de Brahman, ne savent pas d\u2019o\u00f9 elles reviennent.\u00a0\u00bb\u00a0Chandogya Upanishad, chant VI\u00a0\u00a0<\/span><\/p>\n<p style=\"text-align: center;\"><a href=\"https:\/\/tadasana-yoga.com\/wp-content\/uploads\/2024\/04\/AAB6290F-B88D-46E6-B83F-3A463766D55E.jpeg\"><img loading=\"lazy\" decoding=\"async\" src=\"https:\/\/tadasana-yoga.com\/wp-content\/uploads\/2024\/04\/AAB6290F-B88D-46E6-B83F-3A463766D55E.jpeg\" width=\"310\" height=\"207\" alt=\"\" class=\"wp-image-6653 alignnone size-full\" \/>\u00a0 \u00a0 <\/a><a href=\"https:\/\/tadasana-yoga.com\/wp-content\/uploads\/2016\/06\/photos-i-phone-223.jpg\"><img loading=\"lazy\" decoding=\"async\" src=\"https:\/\/tadasana-yoga.com\/wp-content\/uploads\/2016\/06\/photos-i-phone-223.jpg\" width=\"211\" height=\"211\" alt=\"\" class=\"wp-image-5385 alignnone size-full\" \/><\/a><a href=\"https:\/\/tadasana-yoga.com\/wp-content\/uploads\/2024\/04\/AAB6290F-B88D-46E6-B83F-3A463766D55E.jpeg\"> \u00a0 <\/a><a href=\"https:\/\/tadasana-yoga.com\/wp-content\/uploads\/2024\/04\/EAC39C6B-67A5-4252-9D88-A0BCD100DDF5.jpeg\"><img loading=\"lazy\" decoding=\"async\" src=\"https:\/\/tadasana-yoga.com\/wp-content\/uploads\/2024\/04\/EAC39C6B-67A5-4252-9D88-A0BCD100DDF5.jpeg\" width=\"311\" height=\"207\" alt=\"\" class=\"wp-image-6654 alignnone size-full\" \/><\/a><a href=\"https:\/\/tadasana-yoga.com\/wp-content\/uploads\/2024\/04\/AAB6290F-B88D-46E6-B83F-3A463766D55E.jpeg\"><\/a><\/p>\n<p style=\"text-align: center;\"><span style=\"color: #008080;\"><span style=\"font-size: 14px;\">\u00ab &#8230; Shiva-P\u00e2rvat\u00ee soient lou\u00e9s, il y a des hommes et des femmes qui ne se prennent pour rien et que le Yoga prend dans ses bras et porte doucement, tendrement et emporte, vers l\u00e0-bas, qui est d\u00e9j\u00e0 ici, et c\u2019est si beau alors et c\u2019est si simple, le Yoga.\u00bb \u00a0<span style=\"caret-color: #993366; font-size: 14px; background-color: #ffffff;\">Pierre FEUGA,\u00a0<\/span><span style=\"font-size: 14px;\">Fragments tantrique<\/span><span style=\"font-size: 14px; caret-color: #993366; background-color: #ffffff;\">,\u00a0<\/span><span style=\"font-size: 14px;\">Ed.Almora\u00a0<\/span><\/span><span style=\"font-size: 14px;\"><span style=\"font-size: 14px;\"><a href=\"https:\/\/tadasana-yoga.com\/wp-content\/uploads\/2020\/09\/phare-vieille-5.jpeg\" style=\"color: #008080;\">\u00a0\u00a0<\/a><\/span><\/span><\/span><\/p>\n<p style=\"text-align: center;\"><span style=\"font-size: 14px; color: #333399;\"><span style=\"font-size: 14px;\"><a href=\"https:\/\/tadasana-yoga.com\/wp-content\/uploads\/2020\/09\/phare-vieille-5.jpeg\"><img loading=\"lazy\" decoding=\"async\" src=\"https:\/\/tadasana-yoga.com\/wp-content\/uploads\/2020\/09\/phare-vieille-5.jpeg\" width=\"327\" height=\"245\" alt=\"\" class=\"wp-image-6052 alignnone size-full\" \/>\u00a0\u00a0 <\/a><a href=\"https:\/\/tadasana-yoga.com\/wp-content\/uploads\/2024\/04\/9CF045EA-EBC5-46C2-99BB-E6B4CE5420AD_1_201_a.jpeg\"><img loading=\"lazy\" decoding=\"async\" src=\"https:\/\/tadasana-yoga.com\/wp-content\/uploads\/2024\/04\/9CF045EA-EBC5-46C2-99BB-E6B4CE5420AD_1_201_a.jpeg\" width=\"183\" height=\"244\" alt=\"\" class=\"wp-image-6655 alignnone size-full\" \/><\/a><a href=\"https:\/\/tadasana-yoga.com\/wp-content\/uploads\/2020\/09\/phare-vieille-5.jpeg\"><\/a><\/span><\/span><\/p>\n<p style=\"text-align: center;\"><span style=\"color: #008080;\"><span style=\"font-size: 14px;\"><span style=\"font-size: 14px;\">\u00a0 \u00a0 \u00a0\u00ab\u00a0Quitte \u00e0 consid\u00e9rer la vie comme un escalier, je pr\u00e9f\u00e8re les gardiens de phare qui raclent les marches \u00e0 pas lents pour regagner leur tourelle aux danseuses de revue qui les descendent dans une explosion de plumes afin de moissonner les acclamations\u00a0\u00bb <\/span><\/span><span style=\"font-size: 14px;\"><span style=\"font-size: 14px;\">S.Tesson, Sur les chemins noirs<\/span><\/span><\/span><span style=\"color: #333399;\"><span style=\"font-size: 14px;\"><span style=\"font-size: 14px;\"><a href=\"https:\/\/tadasana-yoga.com\/wp-content\/uploads\/2024\/04\/55F1BBD9-DB8E-4AD4-A10A-F5474E9098BD_1_201_a.jpeg\"><\/a><\/span><\/span><\/span><\/p>\n<h3 style=\"text-align: center;\"><span style=\"color: #99cc00;\"><strong>\u00c9couter &#8211; Lire<\/strong><\/span><\/h3>\n<p style=\"text-align: center;\"><span style=\"font-size: 14px; color: #99cc00;\">\u00a0\u00ab\u00a0Nisi Dominus\u00a0\u00bb chant\u00e9 par Philippe Jaroussky \u00a0\u00a0<a href=\"https:\/\/www.youtube.com\/watch?v=1WdX5uBFadM\" style=\"color: #99cc00;\">https:\/\/www.youtube.com\/watch?v=1WdX5uBFadM<\/a>\u00a0 \u00a0<\/span><\/p>\n<p style=\"text-align: center;\"><span style=\"color: #99cc00;\"><span style=\"font-size: 14px;\"><\/span>\u00ab\u00a0James Bond\u00a0\u00bb Iggy Pop \u00a0 \u00a0https:\/\/www.youtube.com\/watch?v=aTmw6xSYenU<br \/><\/span><\/p>\n<p style=\"text-align: center;\"><span style=\"color: #99cc00;\">\u00a0<span style=\"font-size: 14px;\"><\/span>\u201cMahishasura Mardini stotram\u00a0\u00bb Maithili Thakur \u00a0\u00a0https:\/\/www.youtube.com\/watch?v=DEGcIi9aij8<\/span><\/p>\n<p style=\"text-align: center;\"><span style=\"color: #99cc00;\">\u00a0\u00ab\u00a0Le vent nous portera\u00a0\u00bb Sophie Hunger \u00a0\u00a0https:\/\/www.youtube.com\/watch?v=DmXh5_TB42g<\/span><\/p>\n<p style=\"text-align: center;\"><span style=\"color: #99cc00;\"><span style=\"font-size: 14px;\">\u00ab\u00a0Oiseau\u00a0\u00bb Berthrand Belin &amp; Laurent Bardainne \u00a0\u00a0<\/span><\/span><span style=\"font-size: 14px; color: #99cc00;\"><a href=\"https:\/\/www.youtube.com\/watch?v=UZRNViaAz6Y\" style=\"color: #99cc00;\">https:\/\/www.youtube.com\/watch?v=UZRNViaAz6Y<\/a><\/span><\/p>\n<p style=\"text-align: center;\"><a href=\"https:\/\/tadasana-yoga.com\/wp-content\/uploads\/2024\/04\/image-1.jpeg\"><img loading=\"lazy\" decoding=\"async\" src=\"https:\/\/tadasana-yoga.com\/wp-content\/uploads\/2024\/04\/image-1.jpeg\" width=\"296\" height=\"205\" alt=\"\" class=\"wp-image-6665 alignnone size-full\" \/><\/a><a href=\"https:\/\/tadasana-yoga.com\/wp-content\/uploads\/2024\/04\/55F1BBD9-DB8E-4AD4-A10A-F5474E9098BD_1_201_a.jpeg\"><img loading=\"lazy\" decoding=\"async\" src=\"https:\/\/tadasana-yoga.com\/wp-content\/uploads\/2024\/04\/55F1BBD9-DB8E-4AD4-A10A-F5474E9098BD_1_201_a.jpeg\" width=\"195\" height=\"135\" alt=\"\" class=\"wp-image-6656 alignnone size-full\" \/><\/a><a href=\"https:\/\/tadasana-yoga.com\/wp-content\/uploads\/2024\/04\/image-1.jpeg\"><\/a><\/p>\n<p style=\"text-align: center;\"><span style=\"color: #99cc00;\">\u00a0\u00ab\u00a0Les yogas Sutras\u00a0\u00bb de Patanjali , traduction de Fran\u00e7oise Mazet, ed. Albin Michel<\/span><\/p>\n<p style=\"text-align: center;\"><span style=\"color: #99cc00;\">\u00a0\u00ab\u00a0La maison &amp; le monde\u00a0\u00bb Rabindranath Tagore, ed. Gallimard poche<\/span><\/p>\n<p style=\"text-align: center;\"><span style=\"color: #99cc00;\">\u00ab\u00a0A la verticale de soi\u00a0\u00bb St\u00e9phanie Bodet, ed. Gu\u00e9rin<\/span><\/p>\n<p style=\"text-align: center;\"><span style=\"color: #99cc00;\">\u00a0\u00ab\u00a0Yoga, anatomie &amp; mouvement\u00a0\u00bb Leslie Kaminoff, ed.Vigot<\/span><\/p>\n<p style=\"text-align: center;\"><span style=\"color: #99cc00;\">\u00ab\u00a0La Bhagavad Git\u00e0 ou l&rsquo;art d&rsquo;agir\u00a0\u00bb Colette poggi, ed.Equateurs<\/span><\/p>\n<p style=\"text-align: center;\"><span style=\"color: #99cc00;\">\u00ab\u00a0Le monde commence aujourd&rsquo;hui\u00a0\u00bb Jacques Lusseyran, folio<\/span><\/p>\n<p style=\"text-align: center;\"><span style=\"color: #99cc00;\">\u00a0\u00ab\u00a0La particule\u00a0\u00bb Sylvain Tesson, Une vie \u00e0 coucher dehors, ed. folio<\/span><\/p>\n<h3 style=\"text-align: center;\"><strong><span style=\"color: #993366;\">Gurus<\/span><\/strong><span style=\"color: #993366;\"><\/span><\/h3>\n<p style=\"text-align: center;\"><span style=\"color: #993366;\">Source d&rsquo;inspiration, puits de sagesse, \u00e9g\u00e9rie de Mantra, ic\u00f4ne ou l\u00e9gende \u00a0&#8230;<\/span><span style=\"color: #993366;\"><\/span><\/p>\n<h3 style=\"text-align: center;\"><span style=\"color: #993366;\"><a style=\"color: #993366;\" href=\"https:\/\/tadasana-yoga.com\/wp-content\/uploads\/2016\/06\/gannesh.jpg\"><img loading=\"lazy\" decoding=\"async\" class=\"alignnone wp-image-5375\" src=\"https:\/\/tadasana-yoga.com\/wp-content\/uploads\/2016\/06\/gannesh.jpg\" alt=\"gannesh\" width=\"225\" height=\"300\" \/><\/a><a style=\"color: #993366;\" href=\"https:\/\/tadasana-yoga.com\/wp-content\/uploads\/2016\/06\/Cyndi-Lauper.jpg\"> \u00a0 \u00a0 \u00a0 \u00a0\u00a0 <\/a><a style=\"color: #993366;\" href=\"https:\/\/tadasana-yoga.com\/wp-content\/uploads\/2016\/06\/Cyndi-Lauper.jpg\"><img loading=\"lazy\" decoding=\"async\" class=\"alignnone wp-image-5384\" src=\"https:\/\/tadasana-yoga.com\/wp-content\/uploads\/2016\/06\/Cyndi-Lauper.jpg\" alt=\"Cyndi Lauper\" width=\"206\" height=\"300\" srcset=\"https:\/\/tadasana-yoga.com\/wp-content\/uploads\/2016\/06\/Cyndi-Lauper.jpg 343w, https:\/\/tadasana-yoga.com\/wp-content\/uploads\/2016\/06\/Cyndi-Lauper-206x300.jpg 206w\" sizes=\"auto, (max-width: 206px) 100vw, 206px\" \/><\/a><\/span><\/h3>\n<p style=\"text-align: center;\"><span style=\"color: #993366;\">Apprendre aupr\u00e8s des ma\u00eetres; recevoir avec humilit\u00e9, transmettre avec gratitude. <\/span><span style=\"color: #993366;\">Merci \u00e0 Sandra Grange, Anna Tunbra, Simon Park, Biff Mitthoffer, G\u00e9rard Arnaud, C\u00e9cile Roubault, Hubert de Nas de Tourris, Sandrine Bonneau, Sawmi Veetamohananda, Shiva Kumar, Maitri &amp; toute la lign\u00e9e des Gurus.<\/span><\/p>\n<p style=\"text-align: center;\"><span style=\"color: #993366;\">Formations : Yoga vinyasa G\u00e9rard Arnaud 2013\/ Prana flow Yoga Simon Park 2013 \u00e0 2017\/Yin Yoga Biff Mithoffer 2015 \/ Ayurveda Sandrine Bonneau massages &amp; nutrition 2016, 2017\/Bhakti Yoga Maitri 2022,2023<\/span><\/p>\n<p>&nbsp;<\/p>\n<h3 style=\"text-align: center;\"><span style=\"color: #808000;\"><strong>Floethics :<\/strong>\u00a0<\/span><\/h3>\n<p style=\"text-align: center;\"><span style=\"color: #ff6600;\"><span style=\"color: #808000;\">Standing &amp; falling, making mistakes &amp; learning, feeling support &amp; faith, Yoga is<\/span><\/span><span style=\"color: #808000;\">\u00a0a secret path toward our Self to face and observ our deepest conditionnings, growing out of them &amp; accepting is the start to initiate a free Self. Intimately linked to the breath, asana is the way not the end.<\/span><\/p>\n<p style=\"text-align: center;\"><a href=\"https:\/\/tadasana-yoga.com\/wp-content\/uploads\/2014\/03\/photos-i-phone-188.jpg\"><img loading=\"lazy\" decoding=\"async\" class=\"alignnone wp-image-696\" src=\"https:\/\/tadasana-yoga.com\/wp-content\/uploads\/2014\/03\/photos-i-phone-188.jpg\" alt=\"photos i phone 188\" width=\"260\" height=\"195\" srcset=\"https:\/\/tadasana-yoga.com\/wp-content\/uploads\/2014\/03\/photos-i-phone-188.jpg 3264w, https:\/\/tadasana-yoga.com\/wp-content\/uploads\/2014\/03\/photos-i-phone-188-300x225.jpg 300w, https:\/\/tadasana-yoga.com\/wp-content\/uploads\/2014\/03\/photos-i-phone-188-1024x768.jpg 1024w, https:\/\/tadasana-yoga.com\/wp-content\/uploads\/2014\/03\/photos-i-phone-188-600x450.jpg 600w, https:\/\/tadasana-yoga.com\/wp-content\/uploads\/2014\/03\/photos-i-phone-188-220x165.jpg 220w, https:\/\/tadasana-yoga.com\/wp-content\/uploads\/2014\/03\/photos-i-phone-188-187x140.jpg 187w, https:\/\/tadasana-yoga.com\/wp-content\/uploads\/2014\/03\/photos-i-phone-188-453x339.jpg 453w\" sizes=\"auto, (max-width: 260px) 100vw, 260px\" \/><\/a><\/p>\n<p style=\"text-align: center;\"><span style=\"color: #808000;\">Blessed by the Sun at dawn, kissing the moon at night, because<\/span><span style=\"color: #808000;\"><\/span><\/p>\n<p style=\"text-align: center;\"><span style=\"color: #808000;\"><em>\u201cEven after all this time the sun never says to the moon \u201cyou owe me\u201d look what a love like this can do !\u00a0\u00bb<\/em> \u00a0Rumi<\/span><\/p>\n<p style=\"text-align: center;\"><span style=\"color: #808000;\"><strong>Florence Coudray<\/strong>\u00a0 Yoga &amp; Ayurveda since 2013 \u00a0between snow flakes &amp; seeds of love from\u00a0Chamonix to Guethary.<\/span><\/p>\n<h4 style=\"text-align: center;\"><span style=\"color: #808000;\">Inspired by the Gurus, wise teacher or legendary icones I Keep learning from these generous masters, humble &amp; grateful !<\/span><\/h4>\n<p style=\"text-align: center;\"><a href=\"https:\/\/tadasana-yoga.com\/wp-content\/uploads\/2016\/06\/gannesh.jpg\">\u00a0<\/a><\/p>\n<p>[\/et_pb_text][\/et_pb_column][\/et_pb_row][\/et_pb_section]<\/p>\n","protected":false},"excerpt":{"rendered":"<p>\u00a0 \u00a0 Flo\u00e9thique\u00a0 Le Yoga a de\u0301route\u0301 ma trajectoire il y a 25 ans. Depuis il m\u2019accompagne, me bouscule, me vide et me comble chaque fois que je pose un regard curieux, honne\u0302te &amp; tendre sur les fluctuations de la vie. Complice\u00a0ind\u00e9fectible, il\u00a0m&rsquo;invite \u00e0\u00a0saluer le soleil au r\u00e9veil, embrasser la lune chaque soir &amp; oser [&hellip;]<\/p>\n","protected":false},"author":2,"featured_media":0,"parent":0,"menu_order":0,"comment_status":"closed","ping_status":"closed","template":"","meta":{"_et_pb_use_builder":"on","_et_pb_old_content":"<h3 style=\"text-align: center;\">Flo\u00e9thique\u00a0:<\/h3><p style=\"text-align: center;\">Prendre un avion, rester en orbite pendant 22 ans, redescendre, atterrir, ralentir, respirer, m\u00e9diter. Monter sur un caillou un jour d\u2019orage, attraper un coup de foudre. Partager des passions, changer de passions, \u00eatre encourag\u00e9e, \u00e9paul\u00e9e, avancer. Skier, beaucoup, vite, moins vite, doucement et finalement\u00a0 pr\u00e9f\u00e9rer monter \u2026 mais pas trop quand m\u00eame. Nager, sur le dos en suivant le ballet des parapentes dans le ciel, sous l\u2019eau glisser avec un banc de petites morues bien dodues.\u00a0\u00a0\u00a0\u00a0\u00a0\u00a0\u00a0\u00a0 H\u00e9siter, se tromper, se relever, recommencer, s\u2019\u00e9tonner, partager, s\u2019\u00e9mouvoir.\u00a0\u00a0\u00a0\u00a0\u00a0\u00a0\u00a0\u00a0\u00a0\u00a0\u00a0\u00a0\u00a0\u00a0\u00a0\u00a0\u00a0\u00a0\u00a0\u00a0\u00a0\u00a0\u00a0\u00a0\u00a0\u00a0\u00a0\u00a0\u00a0\u00a0\u00a0\u00a0\u00a0\u00a0\u00a0\u00a0\u00a0\u00a0\u00a0\u00a0\u00a0\u00a0\u00a0\u00a0\u00a0\u00a0\u00a0\u00a0\u00a0\u00a0\u00a0\u00a0\u00a0\u00a0\u00a0\u00a0\u00a0\u00a0\u00a0\u00a0\u00a0\u00a0\u00a0\u00a0\u00a0\u00a0\u00a0\u00a0\u00a0\u00a0\u00a0\u00a0\u00a0\u00a0 Se lever en saluant le soleil, se coucher en remerciant la lune.<\/p><p style=\"text-align: center;\">\u00a0<a href=\"http:\/\/tadasana-yoga.com\/wp-content\/uploads\/2013\/06\/IMG_1118.jpg\"><img class=\"alignnone size-full wp-image-764\" src=\"http:\/\/tadasana-yoga.com\/wp-content\/uploads\/2013\/06\/IMG_1118.jpg\" alt=\"IMG_1118\" width=\"199\" height=\"199\" \/><\/a>\u00a0\u00a0\u00a0\u00a0\u00a0 \u00a0\u00a0<\/p><p style=\"text-align: center;\">\u00a0Florence Coudray\u00a0 Sur le chemin du Yoga & de l\u2019Ayurveda apr\u00e8s quelques d\u00e9tours ... 47 ans, n\u00e9e sous le signe de l\u2019eau, en flocon, en bassin de 50m ou en mer entre Chamonix et Gu\u00e9tary<\/p><h3 style=\"text-align: center;\">\u00a0Dans l\u2019air<\/h3><p style=\"text-align: center;\">\u201cA song for you\u201d Donny hathaway<\/p><p style=\"text-align: center;\">\u201cOh my love\u201d cecile Mc laughin Lorin<\/p><p style=\"text-align: center;\">\u201cStupid\u201d Bobby Womack<\/p><p style=\"text-align: center;\">\u201cPai de santo\u201d Flavia Coelho\u00a0<\/p><p style=\"text-align: center;\">\u00ab\u00a0Le vent nous portera\u00a0\u00bb Sophie Hunger<\/p><p style=\"text-align: center;\">\u00ab\u00a0Om Ram Ramaya\u00a0\u00bb Deva\u00a0 Prema<\/p><h3 style=\"text-align: center;\">\u00a0Entre les lignes<\/h3><p style=\"text-align: center;\">\u00ab\u00a0Dans les for\u00eats de Sib\u00e9rie\u00a0\u00bb Sylvain Tesson, ed. Gallimard<\/p><p style=\"text-align: center;\">\u00abLes yogas Sutras\u00a0\u00bb Patanjali , traduction de Fran\u00e7oise Mazet, ed. Albin Michel\u00a0\u00a0\u00a0\u00a0\u00a0\u00a0\u00a0\u00a0\u00a0\u00a0\u00a0\u00a0\u00a0\u00a0\u00a0\u00a0\u00a0\u00a0\u00a0\u00a0\u00a0\u00a0\u00a0\u00a0\u00a0\u00a0\u00a0\u00a0\u00a0\u00a0\u00a0\u00a0\u00a0\u00a0\u00a0\u00a0\u00a0\u00a0\u00a0\u00a0\u00a0\u00a0\u00a0\u00a0\u00a0\u00a0\u00a0\u00a0\u00a0\u00a0\u00a0\u00a0\u00a0\u00a0\u00a0\u00a0\u00a0\u00a0\u00a0\u00a0\u00a0\u00a0\u00a0\u00a0\u00a0\u00a0\u00a0\u00a0\u00a0\u00a0\u00a0\u00a0\u00a0\u00a0\u00a0\u00a0\u00a0\u00a0\u00a0\u00a0\u00a0\u00a0\u00a0\u00a0\u00a0\u00a0\u00a0\u00a0\u00a0\u00a0\u00a0\u00a0\u00a0\u00a0\u00a0\u00a0\u00a0\u00a0\u00a0\u00a0\u00a0<\/p><p style=\"text-align: center;\">\u00ab\u00a0M\u00e9diter, jour apr\u00e8s jour\u00a0\u00bb Christphe Andr\u00e9, ed. L\u2019iconoclaste,\u00a0\u00a0\u00a0\u00a0\u00a0\u00a0\u00a0\u00a0\u00a0\u00a0\u00a0\u00a0\u00a0\u00a0\u00a0\u00a0\u00a0\u00a0\u00a0<\/p><p style=\"text-align: center;\">\u00abSe lib\u00e9rer du connu\u00a0\u00bb Krishnamurti, ed. Poche\u00a0\u00a0\u00a0\u00a0\u00a0\u00a0\u00a0\u00a0\u00a0\u00a0\u00a0\u00a0\u00a0\u00a0\u00a0\u00a0\u00a0\u00a0\u00a0\u00a0\u00a0\u00a0\u00a0\u00a0\u00a0\u00a0\u00a0\u00a0\u00a0\u00a0\u00a0\u00a0\u00a0\u00a0\u00a0\u00a0\u00a0\u00a0\u00a0\u00a0\u00a0\u00a0\u00a0\u00a0\u00a0\u00a0\u00a0\u00a0\u00a0\u00a0\u00a0<\/p><p style=\"text-align: center;\">\u00ab\u00a0Yoga, anatomie & mouvements\u00a0\u00bb Leslie Kaminoff, ed.Vigot\u00a0\u00a0<\/p><h3 style=\"text-align: center;\">\u00a0Dans le c\u0153ur<\/h3><p style=\"text-align: center;\">\u00ab\u00a0Shiva-P\u00e2rvat\u00ee soient lou\u00e9s, il y a des hommes et des femmes qui ne se prennent pour rien et que le yoga prend dans ses bras et porte doucement, tendrement et emporte, vers l\u00e0-bas, qui est d\u00e9j\u00e0 ici, et c\u2019est si beau alors et c\u2019est si simple, le yoga.\u00bb\u00a0 \u00a0Pierre FEUGA, <strong>Fragments tantriques<\/strong>, Editions Almora.<\/p><p style=\"text-align: center;\">\u00a0 \u00ab\u00a0Plus clairement, plus nettement avec l\u2019\u00e2ge, je sens la justesse relative de nos chemins et le ridicule de tout ce qui n\u2019est pas obtenu avec son propre sens, sa propre \u00e2me, qui n\u2019est pas impr\u00e9gn\u00e9 par l\u2019Amour.\u00a0\u00bb\u00a0 Marc Chagall, citation.<\/p><p style=\"text-align: center;\">\u00a0\u00ab\u00a0Moins nous nous attachons aux diff\u00e9rences et plus l\u2019intuition se renforce\u00a0; nous n\u2019entendons plus le bruissement de l\u2019arbre mais la r\u00e9ponse de la for\u00eat au vent.\u00a0\u00bb \u00a0Ernst J\u00fcnger, <strong>70 s\u2019efface<\/strong><\/p><h3 style=\"text-align: center;\">Par la fen\u00eatre<\/h3><p style=\"text-align: center;\">Les asanas ouvrent une br\u00e8che en nous et nous invite \u00e0 observer nos habitudes, nos r\u00e9actions, elles sont le v\u00e9hicule qui nous permet de cheminer, elles sont le moyen pas la finalit\u00e9.<\/p><p style=\"text-align: center;\">\u00a0<\/p><p style=\"text-align: center;\">\u00a0<\/p><p style=\"text-align: center;\">\u00a0<\/p><p style=\"text-align: center;\">\u00a0<\/p><p>\u00a0<\/p><p style=\"text-align: center;\">\u00a0<\/p><p>\u00a0<\/p>","_et_gb_content_width":"","footnotes":""},"class_list":["post-5368","page","type-page","status-publish","hentry"],"_links":{"self":[{"href":"https:\/\/tadasana-yoga.com\/index.php?rest_route=\/wp\/v2\/pages\/5368","targetHints":{"allow":["GET"]}}],"collection":[{"href":"https:\/\/tadasana-yoga.com\/index.php?rest_route=\/wp\/v2\/pages"}],"about":[{"href":"https:\/\/tadasana-yoga.com\/index.php?rest_route=\/wp\/v2\/types\/page"}],"author":[{"embeddable":true,"href":"https:\/\/tadasana-yoga.com\/index.php?rest_route=\/wp\/v2\/users\/2"}],"replies":[{"embeddable":true,"href":"https:\/\/tadasana-yoga.com\/index.php?rest_route=%2Fwp%2Fv2%2Fcomments&post=5368"}],"version-history":[{"count":57,"href":"https:\/\/tadasana-yoga.com\/index.php?rest_route=\/wp\/v2\/pages\/5368\/revisions"}],"predecessor-version":[{"id":6889,"href":"https:\/\/tadasana-yoga.com\/index.php?rest_route=\/wp\/v2\/pages\/5368\/revisions\/6889"}],"wp:attachment":[{"href":"https:\/\/tadasana-yoga.com\/index.php?rest_route=%2Fwp%2Fv2%2Fmedia&parent=5368"}],"curies":[{"name":"wp","href":"https:\/\/api.w.org\/{rel}","templated":true}]}}